{"id":1988,"date":"2025-01-15T14:58:55","date_gmt":"2025-01-15T13:58:55","guid":{"rendered":"https:\/\/wordpress.kaleidoskop-lichtmomente.de\/?page_id=1988"},"modified":"2025-01-22T21:01:07","modified_gmt":"2025-01-22T20:01:07","slug":"allgemeine-geschaeftsbedingungen","status":"publish","type":"page","link":"https:\/\/kaleidoskop-lichtmomente.de\/index.php\/allgemeine-geschaeftsbedingungen\/","title":{"rendered":"Allgemeine Gesch\u00e4ftsbedingungen"},"content":{"rendered":"\n<h1 class=\"wp-block-heading has-text-align-left\" style=\"margin-top:var(--wp--preset--spacing--80);margin-right:var(--wp--preset--spacing--80);margin-bottom:var(--wp--preset--spacing--80);margin-left:var(--wp--preset--spacing--80);padding-right:var(--wp--preset--spacing--80);padding-left:var(--wp--preset--spacing--80)\">Allgemeine Gesch\u00e4ftsbedingungen<\/h1>\n\n\n<style>.wp-block-kadence-advancedheading.kt-adv-heading1988_0adf6f-27, .wp-block-kadence-advancedheading.kt-adv-heading1988_0adf6f-27[data-kb-block=\"kb-adv-heading1988_0adf6f-27\"]{max-width:1134px;margin-top:var(--global-kb-spacing-md, 2rem);margin-right:var(--global-kb-spacing-5xl, 10rem);margin-bottom:var(--global-kb-spacing-xxl, 5rem);margin-left:var(--global-kb-spacing-5xl, 10rem);font-style:normal;}.wp-block-kadence-advancedheading.kt-adv-heading1988_0adf6f-27 mark.kt-highlight, .wp-block-kadence-advancedheading.kt-adv-heading1988_0adf6f-27[data-kb-block=\"kb-adv-heading1988_0adf6f-27\"] mark.kt-highlight{font-style:normal;color:#f76a0c;-webkit-box-decoration-break:clone;box-decoration-break:clone;padding-top:0px;padding-right:0px;padding-bottom:0px;padding-left:0px;}.wp-block-kadence-advancedheading.kt-adv-heading1988_0adf6f-27 img.kb-inline-image, .wp-block-kadence-advancedheading.kt-adv-heading1988_0adf6f-27[data-kb-block=\"kb-adv-heading1988_0adf6f-27\"] img.kb-inline-image{width:150px;vertical-align:baseline;}<\/style>\n<p class=\"kt-adv-heading1988_0adf6f-27 wp-block-kadence-advancedheading\" data-kb-block=\"kb-adv-heading1988_0adf6f-27\">\u00a7 1 Allgemeines und Gesch\u00e4ftsbeziehungen<br>\u00a0<br>Die nachfolgenden allgemeinen Gesch\u00e4ftsbedingungen gelten f\u00fcr alle zwischen der Firma KALEIDOSKOP &#8211; Lichtmomente, Svenja Riegler, Uferweg 8a, 59759 Arnsberg\u00a0 (im nach nachfolgenden \u201eAuftragnehmer\u201c genannt) zustande gekommenen Vertragsbeziehungen zwischen dem Auftragnehmer und seinen Kunden (im nachfolgenden \u201eAuftraggeber\u201c genannt).<br>\u00a0<br>1. Vertr\u00e4ge kommen sowohl mit Verbrauchern als auch mit Unternehmern zustande.<br>\u00a0<br>2. Gem\u00e4\u00df \u00a7 13 BGB ist Verbraucher jede nat\u00fcrliche Person, die ein Rechtsgesch\u00e4ft zu dem Zwecke abschlie\u00dft, der weder ihrer gewerblichen noch ihrer selbstst\u00e4ndigen beruflichen\u00a0 T\u00e4tigkeit zugeordnet werden kann.<br>\u00a0<br>3. Gem\u00e4\u00df \u00a7 14 BGB ist Unternehmer eine nat\u00fcrliche oder juristische Person oder eine rechtsf\u00e4hige Personengesellschaft, die bei Abschluss eines Rechtsgesch\u00e4fts in Aus\u00fcbung ihrer gewerblichen oder selbstst\u00e4ndigen beruflichen T\u00e4tigkeit handelt. Eine rechtsf\u00e4hige Personengesellschaft ist eine Personengesellschaft, die mit der F\u00e4higkeit ausgestattet ist, Rechte zu erwerben und Verbindlichkeiten einzugehen.<br>\u00a0<br>\u00a0<br>\u00a7 2 Zustandekommen des Vertrages<br>\u00a0<br>1. Angebote des Auftragnehmers erfolgen freibleibend und unter dem Vorbehalt technischer \u00c4nderungen. Sie sind g\u00fcltig bis zu dem im Angebot genannten Stichtag.<br>\u00a0<br>2. Der Vertrag kommt durch die Auftragserteilung binnen der Angebotsfrist auf Grundlage des Angebots des Auftragnehmers durch den Auftraggeber zustande. Ma\u00dfgeblich f\u00fcr die Wahrung der Frist ist der Zugang der Auftragserteilung beim Auftragnehmer. Die Auftragserteilung kann per Brief, Fax oder E-Mail erkl\u00e4rt werden.<br>\u200b<br>3. Soweit der Auftragnehmer Konditionen f\u00fcr einen Auftrag mitteilt, stellt dies kein bindendes Angebot im Rechtssinne dar. Durch die Beauftragung mit der Durchf\u00fchrung der gew\u00e4hlten Dienstleistung gibt der Auftragnehmer ein verbindliches Angebot auf Abschluss eines Vertrages ab. Der Vertrag zwischen dem Auftraggeber und dem Auftragnehmer kommt durch die schriftliche oder fernschriftliche Annahmeerkl\u00e4rung (Auftragsbest\u00e4tigung) des Auftragnehmers zustande. Das gleiche gilt f\u00fcr Erg\u00e4nzungen, \u00c4nderungen oder Nebenabreden.<br>\u200b<br>\u00a0<br>\u00a7 3 Preise, Umsatzsteuer, Zahlung<br>\u00a0<br>1. Alle angegebenen mitgeteilten Preise sind Gesamtpreise inkl. gesetzlicher Mehrwertsteuer.<br>\u00a0<br>2. Der Auftragnehmer bietet eine Zahlung per Rechnung (Bank\u00fcberweisung) an. Soweit nicht anders vereinbart, sind Zahlungen per Rechnung 14 Tage nach Rechnungsstellung ohne Abzug zahlbar. Die Rechnungsstellung erfolgt per E-Mailversand und\/ oder postalisch. Bei \u00dcberschreitung der Zahlungsfristen hat der Auftraggeber, der gleichzeitig Unternehmer ist, Verzugszinsen in H\u00f6he von 8%- Punkten \u00fcber dem Basiszinssatz zu zahlen. Bei \u00dcberschreitung der Zahlungsfristen hat der Auftraggeber, der gleichzeitig Verbraucher ist, Verzugszinsen in H\u00f6he von 5%- Punkten \u00fcber dem Basiszinssatz zu zahlen. Die Geltendmachung weiteren Verzugsschadens wird hierdurch nicht ausgeschlossen.<br>\u00a0<br>\u00a0<br>\u00a7 4 Leistungen des Auftragnehmers<br>\u00a0<br>1. Der Auftragnehmer vertreibt Waren und erbringt Dienstleistungen aus den Bereichen:<br>&#8211; Gestaltung<br>&#8211; Kommunikationsdesign<br>&#8211; Grafikdesign<br>&#8211; Fotografie<br>\u00a0<br>2. Der Auftragnehmer kann die ihm obliegenden Leistungen pers\u00f6nlich erbringen oder durch fachkundige Mitarbeiter oder von ihm sonst beauftragte Dritte erbringen lassen. Dies gilt nicht, wenn und soweit abweichende Regelungen ausdr\u00fccklich und schriftlich getroffen worden sind.<br>\u00a0<br>3. Soweit der Auftragnehmer entgeltfreie Dienste und Leistungen erbringt, k\u00f6nnen diese jederzeit mit einer angemessenen Ank\u00fcndigungsfrist eingestellt oder geb\u00fchrenpflichtig weiter angeboten werden. Ein Minderungs-, Ersetzungs- oder Schadenersatzanspruch ergibt sich daraus nicht.<br>\u00a0<br>\u00a0<br>\u00a7 5 Eigentums- Nutzungsvorbehalt<br>\u00a0<br>Der Auftragnehmer beh\u00e4lt sich das Eigentum und das Nutzungsrecht an den erbrachten Dienstleistungen bis zum vollst\u00e4ndigen Ausgleich der Forderungen aus der Gesch\u00e4ftsbeziehung vor.<br>\u00a0<br>\u00a0<br>\u00a7 6 Abnahme<br>\u00a0<br>1. Die Abnahme erfolgt gesondert durch m\u00fcndliche oder schriftliche Erkl\u00e4rung des Auftraggebers.<br>\u00a0<br>2. Fordert der Auftragnehmer den Auftraggeber schriftlich zur Abnahme auf, so gilt die Leistung als abgenommen, wenn der Auftraggeber nicht innerhalb von 14 Tagen die Abnahme schriftlich und unter Angabe von Gr\u00fcnden verweigert und der Auftragnehmer den Auftraggeber in der schriftlichen Aufforderung auf die Abnahmefiktion hingewiesen hat.<br>\u00a0<br>\u00a0<br>\u00a7 7 Widerrufsbelehrung<br>\u00a0<br>Widerrufsbelehrung und Muster- Widerrufsformular<br>Die folgende Widerrufsbelehrung gilt ausschlie\u00dflich f\u00fcr Verbraucher (siehe \u00a7 1 der AGB).<br>\u00a0<br>Widerrufsrecht<br>Sie haben das Recht, binnen vierzehn Tagen ohne Angabe von Gr\u00fcnden diesen Vertrag zu widerrufen. Die Widerrufsfrist betr\u00e4gt vierzehn Tage ab dem Tag des Vertragsabschlusses.<br>\u00a0<br>Um Ihr Widerrufsrecht auszu\u00fcben, m\u00fcssen Sie mir (KALEIDOSKOP &#8211; Lichtmomente, Svenja Riegler, Uferweg 8a, 59759 Arnsberg, E-Mail:\u00a0<a href=\"mailto:mail@kaleidoskop-design.de\">mail@kaleidoskop-lichtmomente.de<\/a>, Mobil: 0151 41419710) mittels einer eindeutigen Erkl\u00e4rung (z.B. ein mit der Post versandter Brief oder E-Mail) \u00fcber Ihren Entschluss, diesen Vertrag zu widerrufen, informieren. Sie k\u00f6nnen daf\u00fcr das beigef\u00fcgte Muster-Widerrufsformular verwenden, das jedoch nicht vorgeschrieben ist.<br>\u00a0<br>Zur Wahrung der Widerrufsfrist reicht es aus, dass Sie die Mitteilung \u00fcber die Aus\u00fcbung des Widerrufsrechts vor Ablauf der Widerrufsfrist absenden.<br>\u00a0<br>Folgen des Widerrufs<br>Wenn Sie diesen Vertrag widerrufen, habe ich Ihnen alle Zahlungen, die ich von Ihnen erhalten habe, einschlie\u00dflich der Lieferkosten (mit Ausnahme der zus\u00e4tzlichen Kosten, die sich daraus ergeben, dass Sie eine andere Art der Lieferung als die von uns angebotene, g\u00fcnstigste Standardlieferung gew\u00e4hlt haben), unverz\u00fcglich und sp\u00e4testens binnen vierzehn Tagen ab dem Tag zur\u00fcckzuzahlen, an dem die Mitteilung \u00fcber Ihren Widerruf dieses Vertrags bei mir eingegangen ist. F\u00fcr diese R\u00fcckzahlung verwende ich dasselbe Zahlungsmittel, das Sie bei der urspr\u00fcnglichen Transaktion eingesetzt haben, es sei denn, mit Ihnen wurde ausdr\u00fccklich etwas anderes vereinbart; in keinem Fall werden Ihnen wegen dieser R\u00fcckzahlung Entgelte berechnet.<br>\u00a0<br>Haben Sie verlangt, dass die Dienstleistungen w\u00e4hrend der Widerrufsfrist beginnen sollen, so haben Sie mir einen angemessenen Betrag zu zahlen, der dem Anteil der bis zu dem Zeitpunkt, zu dem Sie mir von der Aus\u00fcbung des Widerrufsrechts hinsichtlich dieses Vertrags unterrichten, bereits erbrachten Dienstleistungen im Vergleich zum Gesamtumfang der im Vertrag vorgesehenen Dienstleistungen entspricht.<br>\u00a0<br>Muster- Widerrufsformular<br>Wenn Sie den Vertrag widerrufen wollen, dann f\u00fcllen Sie bitte dieses Formular aus und senden Sie es zur\u00fcck.<br>\u00a0<br>An\u00a0<br>KALEIDOSKOP<br>Lichtmomente<br>Svenja Riegler<br>Uferweg 8a<br>59759 Arnsberg<br>E-Mail:\u00a0<a href=\"mailto:mail@kaleidoskop-design.de\">mail@kaleidoskop-lichtmomente.de<\/a>:<br>\u00a0<br>Hiermit widerrufe(n) ich\/wir (*) den von mir\/uns (*) abgeschlossenen Vertrag \u00fcber den Kauf<br>\u00a0<br>der folgenden Waren (*)\/ die Erbringung der folgenden Dienstleistung (*)<br>Bestellt am (*)\/erhalten am (*)<br>Name des\/der Verbraucher(s)<br>Anschrift des\/der Verbraucher(s)<br>Unterschrift des\/der Verbraucher(s) (nur bei Mitteilung auf Papier)<br>Datum<br>\u00a0<br>_______________<br>(*) Unzutreffendes streichen.<br>\u00a0<br>\u00a0<br>\u00a7 8 Pflichten des Auftraggebers<br>\u00a0<br>1. Der Auftraggeber verpflichtet sich, dem Designer alle Unterlagen, die f\u00fcr die Erstellung des Auftrags gem\u00e4\u00df der Konzeption n\u00f6tig sind, rechtzeitig zur Verf\u00fcgung zu stellen. Dies betrifft insbesondere Texte, Fotos, Logos, Grafiken, Filme, Musikst\u00fccke etc. Bilder sind als BMP, JPG oder TIFF- Datei und Texte als\u00a0 Word- Datei, reiner Textdatei oder als PDF- Datei zur Verf\u00fcgung zu stellen. Die Unterlagen sind dem Auftragnehmer \u00fcber den bereitgestellten FTP- Account, per CD oder USB zur Verf\u00fcgung zu stellen.<br>\u00a0<br>2. Der Auftraggeber stellt sicher, dass Zugangsm\u00f6glichkeiten bei Bildanbietern durch ausreichende Accountdeckung gesichert sind.<br>\u00a0<br>3. Der Auftraggeber stellt sicher, dass die Unterlagen, die er dem Auftragnehmer f\u00fcr die Gestaltung zur Verf\u00fcgung stellt, nicht mit Rechten Dritter belastet sind, insbesondere keine illegalen Inhalte aufweisen und nicht gegen das Urheber-, Marken- und Wettbewerbsrecht versto\u00dfen. Er hat den Auftragnehmer von Ersatzanspr\u00fcchen Dritter freizustellen, die aus der Verletzung dieser Pflicht resultieren. Der Auftragnehmer ist berechtigt, illegale Inhalte zur Beweissicherung zu speichern und anschlie\u00dfend zu l\u00f6schen.<br>\u00a0<br>4. Soweit der Auftraggeber einzuarbeitendes Bild- oder Textmaterial zur Verf\u00fcgung stellt, \u00fcbernimmt der Auftragsnehmer keine Haftung f\u00fcr m\u00f6gliche Urheberrechtsverletzungen oder sonstige Rechtsverletzungen am Bild oder f\u00fcr Rechte der darin abgebildeten Personen oder Gegenst\u00e4nde, die durch die Verwendung des Bildes betroffen sein k\u00f6nnen. Der Auftraggeber muss selbst daf\u00fcr Sorge tragen, dass sein Bildmaterial zur Ver\u00f6ffentlichung rechtlich geeignet und zul\u00e4ssig ist. Der Auftragsnehmer stellt hiermit klar, dass er eine Pr\u00fcfung, ob Rechte Dritter an den zur Verf\u00fcgung gestellten Unterlagen bestehen, nicht durchf\u00fchrt.<br>\u00a0<br>5. Der Auftraggeber erkl\u00e4rt sich hiermit einverstanden, dass der Auftragnehmer unverz\u00fcglich die Ver\u00f6ffentlichung des Bildmaterials einstellt, wenn er als angeblicher St\u00f6rer von Rechten Dritter an dem Bildmaterial auf Schadensersatz oder Unterlassung in Anspruch genommen und dies f\u00fcr den Auftragnehmer technisch m\u00f6glich ist.<br>\u00a0<br>6. Der Auftraggeber ist verpflichtet, die vom Auftraggeber \u00fcbergebenen Zugangsdaten sorgf\u00e4ltig aufzubewahren und keinen Dritten zug\u00e4nglich zu machen. Der Auftraggeber hat auftretende Fehler\/ St\u00f6rungen unverz\u00fcglich dem Auftraggeber anzuzeigen.<br>\u00a0<br>7. Der Auftraggeber verpflichtet sich, keine Daten zu verbreiten oder auf einem Datentr\u00e4ger des Auftragnehmers zu speichern, die nach Ihrer Art oder Beschaffenheit (z.B. Viren), Gr\u00f6\u00dfe oder Vervielf\u00e4ltigung (z.B. Massenmails\/ Spamming) geeignet sind, den Bestand oder Betrieb der Technik des Auftragnehmers zu gef\u00e4hrden.<br>\u00a0<br>8. Der Auftragnehmer ist berechtigt, bei einem Versto\u00df des Auftraggebers gegen die genannten Verbote die Aufnahme von Daten zu verweigern, die Daten und darauf gerichtete Verweise sofort zu l\u00f6schen, Zug\u00e4nge sofort zu sperren und\/ oder den Vertrag fristlos zu k\u00fcndigen.<br>\u00a0<br>\u00a0<br>\u00a79 Nutzungsrechte<br>\u00a0<br>1. Der Auftragnehmer r\u00e4umt dem Auftraggeber das r\u00e4umlich und zeitlich unbeschr\u00e4nkte Recht der \u00f6ffentlichen Zug\u00e4nglichmachung (\u00a7 19 a UrhG) ein.<br>\u00a0<br>2. Andere Nutzungen, insbesondere die Vervielf\u00e4ltigung oder Verbreitung einer Webseite oder von Teilen daraus (mit Ausnahme der vom Auftraggeber selbst zur Verf\u00fcgung gestellten Werke) in gedruckter Form oder auf anderen Webseiten, die nicht vom Auftragnehmer gestaltet wurden, bed\u00fcrfen der vorherigen schriftlichen Zustimmung des Auftragnehmers und sind zus\u00e4tzlich zu verg\u00fcten.<br>\u00a0<br>3. Der Auftragnehmer ist berechtigt, seine Urheberbezeichnung auf der Webseite anzubringen. Er hat das Recht, auf seine Mitwirkung an der Erstellung der Webseite hinzuweisen, insbesondere auch durch einen Hinweis mit einem Link zu seiner eigenen Webseite.<br>\u00a0<br>4. \u00c4nderungen und Bearbeitungen der Inhalte der Webseite, insbesondere Aktualisierungen von Texten, Bildern, Grafiken und Tabellen sowie technische Ver\u00e4nderungen, d\u00fcrfen vom Auftraggeber oder von ihm beauftragten Dritten auch ohne Zustimmung des Auftragnehmers vorgenommen werden.<br>\u00a0<br>5. Das Nutzungsrecht geht auf den Auftraggeber erst mit der vollst\u00e4ndigen Zahlung der Verg\u00fctung \u00fcber.<br>\u00a0<br>6. Alle f\u00fcr das Mitglied erh\u00e4ltlichen Programmierungen unterliegen den Lizenzbestimmungen der GNU\/GPL 3.0 mit weiteren Einschr\u00e4nkungen.<br>\u00a0<br>7. Der Auftraggeber ist berechtigt, sich eigene Kopien anzulegen und \u00c4nderungen vorzunehmen, jedoch nicht berechtigt, Programmierungen in den Umlauf zu bringen bzw. zu ver\u00f6ffentlichen, auch nicht gegen Entgelt. Diese gilt auch f\u00fcr die ge\u00e4nderten Daten, sofern diese Programmierungen vom Auftragnehmer stammen.<br>\u00a0<br>8. Ist der Auftraggeber eine Agentur und hat sich als diese legitimiert und angemeldet, steht ihm das Recht zu, Programmierungen und Erkenntnisse aus Inhalten bei ihren Kunden zu verwenden, jedoch haben diese darauf hinzuweisen, dass nur das Recht zur Nutzung besteht und keine Weitergabe oder Verwertung erfolgen darf, auch nicht in abge\u00e4nderter Form.<br>\u00a0<br>9. Erh\u00e4lt der Auftraggeber Zugriff auf Inhalte mit wertvollen Tipps, darf der Auftraggeber diese nicht weiter verbreiten und nicht ver\u00f6ffentlichen, auch nicht in anders formulierter Form.<br>\u00a0<br>\u00a0<br>\u00a7 10 Herausgabe\/ Empfang von Daten<br>\u00a0<br>1. Hat der Auftragnehmer dem Auftraggeber Datentr\u00e4ger, Dateien und Daten zur Verf\u00fcgung gestellt, d\u00fcrfen diese nur mit Einwilligung des Auftragnehmers ver\u00e4ndert werden.<br>\u00a0<br>2. Gefahr und Kosten des Transports von Datentr\u00e4gern, Dateien und Daten online und offline tr\u00e4gt der Auftraggeber.<br>\u00a0<br>3. Der Auftragnehmer ist berechtigt, die Daten des Auftraggebers aus betriebstechnischen Gr\u00fcnden an Dritte weiterzugeben. Die Weitergabe erfolgt ausschlie\u00dflich im Rahmen der erforderlichen Abwicklung des Auftrages, dies gilt insbesondere f\u00fcr die Erstellung von Videoproduktionen und die rechtliche \u00dcberpr\u00fcfung durch einen Rechtsanwalt.<br>\u00a0<br>4. Der Auftragnehmer erm\u00f6glicht den Datenverkehr \u00fcber das Internet und \u00fcbernimmt keine Garantie f\u00fcr die Weiterleitung der Daten an den Empf\u00e4nger, ebenso wenig f\u00fcr die richtige Wiedergabe der Daten des Auftraggebers.<br>\u00a0<br>\u00a0<br>\u00a7 11 M\u00e4ngelhaftungsrecht<br>\u00a0<br>1. Der Auftragnehmer gew\u00e4hrleistet, dass das Werk der vereinbarten Beschaffenheit entspricht, wie diese sich aus dem Pflichtenheft in Verbindung mit diesem Vertrag und m\u00f6glichen vereinbarten \u00c4nderungen und Erweiterungen des Leistungsumfangs in der Planungs-und Erstellungsphase ergibt. Die Gew\u00e4hrleistung erfolgt nach Wahl des Auftragnehmers zun\u00e4chst durch Nachbesserung \u2013soweit m\u00f6glich auch auf dem Wege der Datenfern\u00fcbertragung \u2013 oder durch Ersatzlieferung. Die Gew\u00e4hrleistungsfrist betr\u00e4gt zw\u00f6lf Monate und beginnt mit der Abnahme.<br>\u00a0<br>2. Der Auftraggeber darf die Entgegennahme der Werkleistungen wegen unerheblicher M\u00e4ngel nicht verweigern.<br>\u00a0<br>3. Treten nach der Abnahme an den Werkleistungen M\u00e4ngel auf, die im Verantwortungsbereich des Auftragnehmers liegen, wird der Auftragnehmer unter der Voraussetzung, dass der Auftraggeber das Vorliegen dieser M\u00e4ngel unverz\u00fcglich schriftlich anzeigt, und, sofern zwischen den Parteien nichts anderes vereinbart ist, in angemessener Zeit auf die M\u00e4ngelanzeige \u2013 telefonischen Support zu den \u00fcblichen B\u00fcrozeiten (Montag bis Freitag, 9:00 bis 17:00 Uhr) leisten,\u2013 f\u00fcr den Fall, dass der telefonische Support nicht zur Behebung der M\u00e4ngel f\u00fchrt, Support per E-Mail oder Fernzugang leisten,\u2013 bzw. f\u00fcr den Fall, dass auch diese Form des Supports nicht zur Behebung der M\u00e4ngel f\u00fchrt, notfalls vor Ort die M\u00e4ngel beheben. Erg\u00e4nzend stehen dem Kunden die gesetzlichen Rechte wegen M\u00e4ngeln zu.<br>\u00a0<br>\u00a0<br>\u00a712 Haftung<br>\u00a0<br>1. Der Auftragnehmer haftet nicht f\u00fcr die Richtigkeit und Vollst\u00e4ndigkeit der vom Auftraggeber vorgegebenen Sachaussagen \u00fcber seine Produkte, seine Leistungen oder sein Unternehmen.<br>\u00a0<br>2. Der Auftragnehmer erbringt seine Dienstleistung nach dem gegenw\u00e4rtigen Stand der Technik. Er haftet nicht f\u00fcr nachtr\u00e4gliche technische Ver\u00e4nderungen oder Anpassungen durch den Auftraggeber. Insbesondere haftet er nicht f\u00fcr Sch\u00e4den, die Kunden des Auftraggebers infolge veralteter Technik geltend machen k\u00f6nnten.<br>\u00a0<br>3. Der Auftragnehmer haftet nicht f\u00fcr Sch\u00e4den, die durch Dritte entstehen, denen der Auftraggeber den Zugriff gew\u00e4hrt.<br>\u00a0<br>4. Der Auftragnehmer haftet nur f\u00fcr Vorsatz und grobe Fahrl\u00e4ssigkeit, es sei denn es handelt sich um die Verletzung einer wesentlichen Pflicht aus dem Vertrag, die Verletzung des Lebens, des K\u00f6rpers oder der Gesundheit. Wesentliche Vertragspflichten sind Pflichten, die der Vertrag dem Verk\u00e4ufer nach seinem Inhalt zur Erreichung des Vertragszwecks auferlegt, deren Erf\u00fcllung die ordnungsgem\u00e4\u00dfe Durchf\u00fchrung des Vertrags \u00fcberhaupt erst erm\u00f6glicht und auf deren Einhaltung der Kunde regelm\u00e4\u00dfig vertrauen darf. Dar\u00fcber hinaus bleibt eine etwaige Haftung nach dem Produkthaftungsgesetz unber\u00fchrt.<br>\u00a0<br>5. Allgemeine Risiken wie Virenbefall oder Zugriff von Dritten auf die Computer tr\u00e4gt der Auftraggeber, soweit dem Anbieter nicht eine grob fahrl\u00e4ssige oder vors\u00e4tzliche Verletzung seiner eigenen Verkehrssicherungspflichten vorzuwerfen ist. Dem Auftraggeber obliegt daher die angemessene Sicherung seines eigenen Systems und seiner angemieteten Server, wie z.B. die Verwendung einer eigenen Firewall, die Nutzung von nicht nachvollziehbaren Passw\u00f6rtern oder die Verwendung von Virenscannern. Dies gilt insbesondere f\u00fcr den Verlust von Daten. Der Auftraggeber tr\u00e4gt daf\u00fcr Sorge, dass alle im Vorfeld gebotenen und notwendigen Arbeiten erledigt wurden (z.B. M\u00f6bel beiseite r\u00e4umen, Mauerdurchbr\u00fcche, etc.) und die Installation von Soft- und Hardware unter normalen Umst\u00e4nden erfolgen kann, soweit dies in seinem Einfluss- und Verantwortungsbereich liegt. Mehraufw\u00e4nde aufgrund von durch den Auftragnehmer unvorhersehbaren Schwierigkeiten und\/oder schwierigen Arbeitsbedingungen werden gesondert zum vereinbarten, hilfsweise dem \u00fcblichen Stundensatz in Rechnung gestellt. Etwaige Datenverluste und Hardwaredefekte, die auf einer nicht ordnungsgem\u00e4\u00dfen Wartung und Datensicherung beruhen, f\u00fchren nicht zu einer Haftung des\u00a0 Auftragnehmers. Als Wartungsintervall f\u00fcr sensible Daten wird eine Datensicherung alle 24 Stunden empfohlen. F\u00fcr alle weiteren Daten wird eine w\u00f6chentliche Sicherung empfohlen.<br>\u00a0<br>\u00a0<br>\u00a7 13 Weitere Informationspflichten f\u00fcr Vertr\u00e4ge im Fernabsatz\u00a0<br>sowie f\u00fcr den elektronischen Gesch\u00e4ftsverkehr<br>\u00a0<br>1. Technische Schritte zum Vertragsschluss<br>Soweit der Auftragnehmer Konditionen f\u00fcr einen Auftrag mitteilt, stellt dies kein bindendes Angebot im Rechtssinne dar. Durch die Beauftragung mit der Durchf\u00fchrung der gew\u00e4hlten Dienstleistung gibt der Auftragnehmer ein verbindliches Angebot auf Abschluss eines Vertrages ab. Der Vertrag zwischen dem Auftraggeber und dem Auftragnehmer kommt durch die schriftliche oder fernschriftliche Annahmeerkl\u00e4rung (Auftragsbest\u00e4tigung) des Auftragnehmers zustande. Das gleiche gilt f\u00fcr Erg\u00e4nzungen, \u00c4nderungen oder Nebenabreden.<br>\u00a0<br>2. Speicherung des Vertragstextes nach Vertragsschluss sowie Zug\u00e4nglichkeit f\u00fcr den Kunden.<br>Der Vertragstext sowie Ihre Auftragsangaben werden vom Auftragnehmer gespeichert. Nach Abschluss der von Ihnen durchgef\u00fchrten Bestellung erhalten Sie eine \u00fcbersichtliche Bestellbest\u00e4tigung, in denen alle Angaben zu Ihrer Bestellung enthalten sind. Ferner besteht die M\u00f6glichkeit den Vertragstext \u00fcber die Druckfunktionen des Browsers auszudrucken. Ihre Bestelldaten befinden sich auch nochmal gesondert in der Ihnen \u00fcbersandten E-Mail. Dar\u00fcber hinaus sendet der Auftragnehmer dem Auftraggeber jederzeit auf Wunsch die Vertragsbestimmungen per E-Mail zu.<br>\u00a0<br>3. Vertragssprache<br>Die Vertragssprache ist ausschlie\u00dflich deutsch.<br>\u00a0<br>4. Verhaltenskodizes<br>Der Verk\u00e4ufer hat sich keinen einschl\u00e4gigen Verhaltenskodizes unterworfen.<br>\u00a0<br>5. Bestellungsbest\u00e4tigung<br>Nach dem Absenden des Angebots durch den Kunden erh\u00e4lt dieser eine Best\u00e4tigungs-Email.<br>\u00a0<br>6. Beanstandungen und Gew\u00e4hrleistungen<br>Beanstandungen, wie insbesondere Gew\u00e4hrleistungsanspr\u00fcche, sind an den Verk\u00e4ufer zu richten.<br>\u00a0<br>7. Wesentliche Merkmale der Ware<br>Die wesentlichen Merkmale der Ware entnehmen Sie der Artikelbeschreibung. Dies gilt auch f\u00fcr die G\u00fcltigkeitsdauer etwaiger befristeter Angebote.<br>\u00a0<br>\u00a0<br>\u00a7 14 Schlussbestimmung<br>\u00a0<br>Auf das Vertragsverh\u00e4ltnis zwischen dem Verk\u00e4ufer und dem Kunden sowie auf die jeweiligen Gesch\u00e4ftsbedingungen findet das Recht der Bundesrepublik Deutschland Anwendung. Verbraucher mit gew\u00f6hnlichem Aufenthalt im Ausland k\u00f6nnen sich unabh\u00e4ngig von der konkreten Rechtswahl auch auf das Recht des Staates berufen, in dem sie ihren Wohnsitz haben.<\/p>\n","protected":false},"excerpt":{"rendered":"<p>Allgemeine Gesch\u00e4ftsbedingungen \u00a7 1 Allgemeines und Gesch\u00e4ftsbeziehungen\u00a0Die nachfolgenden allgemeinen Gesch\u00e4ftsbedingungen gelten f\u00fcr alle zwischen der Firma KALEIDOSKOP &#8211; Lichtmomente, Svenja Riegler, Uferweg 8a, 59759 Arnsberg\u00a0 (im nach nachfolgenden \u201eAuftragnehmer\u201c genannt) zustande gekommenen Vertragsbeziehungen zwischen dem Auftragnehmer und seinen Kunden (im nachfolgenden \u201eAuftraggeber\u201c genannt).\u00a01. Vertr\u00e4ge kommen sowohl mit Verbrauchern als auch mit Unternehmern zustande.\u00a02. Gem\u00e4\u00df \u00a7&#8230;<\/p>\n","protected":false},"author":1,"featured_media":0,"parent":0,"menu_order":0,"comment_status":"closed","ping_status":"closed","template":"","meta":{"_kadence_starter_templates_imported_post":false,"_kad_post_transparent":"","_kad_post_title":"","_kad_post_layout":"","_kad_post_sidebar_id":"","_kad_post_content_style":"","_kad_post_vertical_padding":"","_kad_post_feature":"","_kad_post_feature_position":"","_kad_post_header":false,"_kad_post_footer":false,"footnotes":""},"class_list":["post-1988","page","type-page","status-publish","hentry"],"_links":{"self":[{"href":"https:\/\/kaleidoskop-lichtmomente.de\/index.php\/wp-json\/wp\/v2\/pages\/1988","targetHints":{"allow":["GET"]}}],"collection":[{"href":"https:\/\/kaleidoskop-lichtmomente.de\/index.php\/wp-json\/wp\/v2\/pages"}],"about":[{"href":"https:\/\/kaleidoskop-lichtmomente.de\/index.php\/wp-json\/wp\/v2\/types\/page"}],"author":[{"embeddable":true,"href":"https:\/\/kaleidoskop-lichtmomente.de\/index.php\/wp-json\/wp\/v2\/users\/1"}],"replies":[{"embeddable":true,"href":"https:\/\/kaleidoskop-lichtmomente.de\/index.php\/wp-json\/wp\/v2\/comments?post=1988"}],"version-history":[{"count":7,"href":"https:\/\/kaleidoskop-lichtmomente.de\/index.php\/wp-json\/wp\/v2\/pages\/1988\/revisions"}],"predecessor-version":[{"id":2736,"href":"https:\/\/kaleidoskop-lichtmomente.de\/index.php\/wp-json\/wp\/v2\/pages\/1988\/revisions\/2736"}],"wp:attachment":[{"href":"https:\/\/kaleidoskop-lichtmomente.de\/index.php\/wp-json\/wp\/v2\/media?parent=1988"}],"curies":[{"name":"wp","href":"https:\/\/api.w.org\/{rel}","templated":true}]}}